{"id":15,"date":"2023-06-28T16:18:01","date_gmt":"2023-06-28T16:18:01","guid":{"rendered":"https:\/\/solarpanelsonsale.com\/?page_id=15"},"modified":"2023-07-04T23:55:33","modified_gmt":"2023-07-04T23:55:33","slug":"envios-y-devoluciones","status":"publish","type":"page","link":"https:\/\/solarpanelsonsale.com\/en\/shipping-and-returns\/","title":{"rendered":"Shipping and Returns"},"content":{"rendered":"<div data-elementor-type=\"wp-page\" data-elementor-id=\"15\" class=\"elementor elementor-15\" data-elementor-post-type=\"page\">\n\t\t\t\t\t\t\t\t\t<section class=\"elementor-section elementor-top-section elementor-element elementor-element-39f312f7 elementor-section-boxed elementor-section-height-default elementor-section-height-default\" data-id=\"39f312f7\" data-element_type=\"section\" data-settings=\"{&quot;background_background&quot;:&quot;classic&quot;}\">\n\t\t\t\t\t\t\t<div class=\"elementor-background-overlay\"><\/div>\n\t\t\t\t\t\t\t<div class=\"elementor-container elementor-column-gap-default\">\n\t\t\t\t\t<div class=\"elementor-column elementor-col-100 elementor-top-column elementor-element elementor-element-10a184ed\" data-id=\"10a184ed\" data-element_type=\"column\">\n\t\t\t<div class=\"elementor-widget-wrap elementor-element-populated\">\n\t\t\t\t\t\t\t\t<div class=\"elementor-element elementor-element-7bbcf17 animated-fast elementor-invisible elementor-widget elementor-widget-heading\" data-id=\"7bbcf17\" data-element_type=\"widget\" data-settings=\"{&quot;_animation_delay&quot;:&quot;200&quot;,&quot;_animation&quot;:&quot;fadeInDown&quot;}\" data-widget_type=\"heading.default\">\n\t\t\t\t<div class=\"elementor-widget-container\">\n\t\t\t<style>\/*! elementor - v3.17.0 - 25-10-2023 *\/\n.elementor-heading-title{padding:0;margin:0;line-height:1}.elementor-widget-heading .elementor-heading-title[class*=elementor-size-]>a{color:inherit;font-size:inherit;line-height:inherit}.elementor-widget-heading .elementor-heading-title.elementor-size-small{font-size:15px}.elementor-widget-heading .elementor-heading-title.elementor-size-medium{font-size:19px}.elementor-widget-heading .elementor-heading-title.elementor-size-large{font-size:29px}.elementor-widget-heading .elementor-heading-title.elementor-size-xl{font-size:39px}.elementor-widget-heading .elementor-heading-title.elementor-size-xxl{font-size:59px}<\/style><h1 class=\"elementor-heading-title elementor-size-default\">Shipping and Returns<\/h1>\t\t<\/div>\n\t\t\t\t<\/div>\n\t\t\t\t\t<\/div>\n\t\t<\/div>\n\t\t\t\t\t\t\t<\/div>\n\t\t<\/section>\n\t\t\t\t<section class=\"elementor-section elementor-top-section elementor-element elementor-element-67e7d77 elementor-section-boxed elementor-section-height-default elementor-section-height-default\" data-id=\"67e7d77\" data-element_type=\"section\">\n\t\t\t\t\t\t<div class=\"elementor-container elementor-column-gap-default\">\n\t\t\t\t\t<div class=\"elementor-column elementor-col-100 elementor-top-column elementor-element elementor-element-93feb3f\" data-id=\"93feb3f\" data-element_type=\"column\">\n\t\t\t<div class=\"elementor-widget-wrap elementor-element-populated\">\n\t\t\t\t\t\t\t\t<div class=\"elementor-element elementor-element-4a55a06 elementor-widget elementor-widget-text-editor\" data-id=\"4a55a06\" data-element_type=\"widget\" data-widget_type=\"text-editor.default\">\n\t\t\t\t<div class=\"elementor-widget-container\">\n\t\t\t<style>\/*! elementor - v3.17.0 - 25-10-2023 *\/\n.elementor-widget-text-editor.elementor-drop-cap-view-stacked .elementor-drop-cap{background-color:#69727d;color:#fff}.elementor-widget-text-editor.elementor-drop-cap-view-framed .elementor-drop-cap{color:#69727d;border:3px solid;background-color:transparent}.elementor-widget-text-editor:not(.elementor-drop-cap-view-default) .elementor-drop-cap{margin-top:8px}.elementor-widget-text-editor:not(.elementor-drop-cap-view-default) .elementor-drop-cap-letter{width:1em;height:1em}.elementor-widget-text-editor .elementor-drop-cap{float:left;text-align:center;line-height:1;font-size:50px}.elementor-widget-text-editor .elementor-drop-cap-letter{display:inline-block}<\/style>\t\t\t\t<p><span style=\"color: #333333;\">All sales on this site are final. Unfortunately, we cannot offer you a refund or exchange for any product purchased on this site unless it is defective. If you receive a defective product or if the order you received differs from your intended purchase, we will accept returns within 15 business days from the date of receipt.\u00a0 Your item must be unused and in the same condition in which you received it to qualify for return. It must also be in the original packaging in which you received it.<\/span><\/p>\n<p><span style=\"color: #333333;\">To complete your return, we require a receipt or proof of purchase.\u00a0 We also require that all returns be accompanied by a detailed written statement. Please do not send your purchase to the manufacturer. Instead, please contact our customer service department and send your package to the following address:<\/span><\/p>\n<p><span style=\"color: #333333;\">Solarpanelsonsale.com by Cesa Export &amp; Import SA\u00a0<\/span><\/p>\n<p><span style=\"color: #333333;\">Panama, Province of Colon.<\/span><\/p>\n<p><span style=\"color: #333333;\">Colon Free Zone, Block 22, 18th Street, Paktex Building No. 38, Local 5.<\/span><\/p>\n<p><span style=\"color: #333333;\">Panam\u00e1 080807\u00a0<\/span><\/p>\n<p><span style=\"color: #333333;\">Refunds<\/span><\/p>\n<p><span style=\"color: #333333;\">When your return is received and inspected, we will send you an email to notify you that we have received your returned item. We will also notify you of the approval or rejection of your refund.<\/span><\/p>\n<p><span style=\"color: #333333;\">If approved, your refund will be processed and a credit will be automatically applied to your original credit card or payment method within a certain number of days.<\/span><\/p>\n<p><span style=\"color: #333333;\"><strong>EXCHANGE POINTS<\/strong><\/span><\/p>\n<p><span style=\"color: #333333;\">We only replace items if they are defective or damaged. If you need to exchange it for the same, please email us at support@solarpanelsonsale.com and send your item to:<\/span><\/p>\n<p><span style=\"color: #333333;\">Solarpanelsonsale.com by Cesa Export &amp; Import SA\u00a0<\/span><\/p>\n<p><span style=\"color: #333333;\">Panama, Province of Colon.<\/span><\/p>\n<p><span style=\"color: #333333;\">Colon Free Zone, Block 22, 18th Street, Paktex Building No. 38, Local 5.<\/span><\/p>\n<p><span style=\"color: #333333;\">Panam\u00e1 080807\u00a0<\/span><\/p>\n<p><span style=\"color: #333333;\"><strong>IN TRANSIT<\/strong><\/span><\/p>\n<p><span style=\"color: #333333;\">Our products are shipped within 4 to 7 days via the U.S. Postal Service. We offer flat rate shipping ($50.00) on any order to all locations within the continental United States of America and Panama. If you live outside the United States of America or Panama, additional shipping fees may apply. To return your product, you must mail it to:<\/span><\/p>\n<p><span style=\"color: #333333;\">Panama, Province of Colon.<\/span><\/p>\n<p><span style=\"color: #333333;\">Colon Free Zone, Block 22, 18th Street, Paktex Building No. 38, Local 5.<\/span><\/p>\n<p><span style=\"color: #333333;\">Panam\u00e1 080807\u00a0<\/span><\/p>\n<p><span style=\"color: #333333;\">You will be responsible for paying your own shipping charges to return your item. Shipping charges are non-refundable. If you receive a refund, the shipping cost of the item will be deducted from your refund. Depending on where you live, the time it takes for the exchanged product to reach you may vary. If you are shipping a product valued at more than $75, you should consider using a courier service that includes a tracking number or purchase insurance to cover the merchandise. We do not guarantee that we will receive your returned item.<\/span><\/p>\n<p><span style=\"color: #333333;\">We cannot offer you a refund or exchange for any product purchased on this site unless it is defective in some way. If you receive a defective product or if the order you received differs from your intended purchase, we will accept returns within 15 business days from the date we receive your package. To be eligible for a return, the item must be unused and in the same condition in which you received it. It must also be in the original packaging in which it was received.\u00a0<\/span><\/p>\n<p><span style=\"color: #333333;\">To complete your return, we require a receipt or proof of purchase.\u00a0 We also require that all returns be accompanied by a written statement detailing. Do not send your purchase to the manufacturer. Instead, please contact us:<\/span><\/p>\n<p><span style=\"color: #333333;\"><b>Solarpanelsonsale.com por Cesa Export &amp; Import S.A.\u00a0\u00a0<\/b><\/span><\/p>\n<p><span style=\"color: #333333;\"><b>Panama, Province of Colon.\u00a0<\/b><\/span><\/p>\n<p><span style=\"color: #333333;\"><strong>Colon Free Zone, Block 22, 18th Street, Paktex Building No. 38, Local 5.<\/strong><\/span><\/p>\n<p><span style=\"color: #333333;\"><b>Panam\u00e1 080807\u00a0\u00a0<\/b><\/span><\/p>\n<p><span style=\"color: #333333;\"><strong>RETURNS\u00a0<\/strong><\/span><\/p>\n<p><span style=\"color: #333333;\">Upon receipt and inspection of your return, we will send you an email notifying you that we have received your returned item. We will also notify you of the approval or rejection of your refund.\u00a0<\/span><\/p>\n<p><span style=\"color: #333333;\">If approved, then your refund will be processed, and a credit will be automatically applied to your credit card or original method of payment, within a certain number of days.\u00a0<\/span><\/p>\n<p><span style=\"color: #333333;\"><strong>CHANGES\u00a0<\/strong><\/span><\/p>\n<p><span style=\"color: #333333;\">We only exchange items if they are defective or damaged. If you need to exchange it for the same item, please email us at support@solarpanelsonsale.com and send your item to:\u00a0<\/span><\/p>\n<p><span style=\"color: #333333;\"><b>Solarpanelsonsale.com por Cesa Export &amp; Import S.A.\u00a0\u00a0<\/b><\/span><\/p>\n<p><span style=\"color: #333333;\"><b>Panama, Province of Colon.\u00a0<\/b><\/span><\/p>\n<p><span style=\"color: #333333;\"><strong>Colon Free Zone, Block 22, 18th Street, Paktex Building No. 38, Local 5.<\/strong><\/span><\/p>\n<p><span style=\"color: #333333;\"><b>Panam\u00e1 080807\u00a0\u00a0<\/b><\/span><\/p>\n<p><span style=\"color: #333333;\"><strong>SHIPPING\u00a0<\/strong><\/span><\/p>\n<p><span style=\"color: #333333;\">Our products are shipped within 4-7 days using the USPS. We provide flat rate shipping ($50.00) on any order, to all locations within the continental United States of America and Panama. If you live outside the United States of America or Panama, additional shipping fees may apply. To return your product, you must mail it to:<\/span><\/p>\n<p><span style=\"color: #333333;\"><b>Panama, Province of Colon.\u00a0<\/b><\/span><\/p>\n<p><span style=\"color: #333333;\"><strong>Colon Free Zone, Block 22, 18th Street, Paktex Building No. 38, Local 5.<\/strong><\/span><\/p>\n<p><span style=\"color: #333333;\"><b>Panam\u00e1 080807\u00a0\u00a0<\/b><\/span><\/p>\n<p><span style=\"color: #333333;\">You will be responsible for paying your own shipping charges to return your item. Shipping charges are non-refundable. If you receive a refund, the return shipping cost will be deducted from your refund. Depending on where you live, the time it may take for the exchanged product to arrive may vary. If you are shipping an item over $50, you should consider using a trackable shipping service or purchasing shipping insurance. We do not guarantee that we will receive your returned item.\u00a0<\/span><\/p>\t\t\t\t\t\t<\/div>\n\t\t\t\t<\/div>\n\t\t\t\t\t<\/div>\n\t\t<\/div>\n\t\t\t\t\t\t\t<\/div>\n\t\t<\/section>\n\t\t\t\t\t\t\t<\/div>","protected":false},"excerpt":{"rendered":"<p>Env\u00edos y Devoluciones Todas las ventas en este sitio son definitivas. Desafortunadamente, no podemos ofrecerle un reembolso o cambio de ning\u00fan producto comprado en este sitio a menos que tenga alg\u00fan defecto. Si recibe un producto defectuoso o si el pedido que recibi\u00f3 difiere de su compra prevista, aceptaremos devoluciones dentro de los 15 d\u00edas [&hellip;]<\/p>","protected":false},"author":2,"featured_media":0,"parent":0,"menu_order":0,"comment_status":"closed","ping_status":"closed","template":"elementor_header_footer","meta":{"footnotes":""},"class_list":["post-15","page","type-page","status-publish","hentry"],"_links":{"self":[{"href":"https:\/\/solarpanelsonsale.com\/en\/wp-json\/wp\/v2\/pages\/15","targetHints":{"allow":["GET"]}}],"collection":[{"href":"https:\/\/solarpanelsonsale.com\/en\/wp-json\/wp\/v2\/pages"}],"about":[{"href":"https:\/\/solarpanelsonsale.com\/en\/wp-json\/wp\/v2\/types\/page"}],"author":[{"embeddable":true,"href":"https:\/\/solarpanelsonsale.com\/en\/wp-json\/wp\/v2\/users\/2"}],"replies":[{"embeddable":true,"href":"https:\/\/solarpanelsonsale.com\/en\/wp-json\/wp\/v2\/comments?post=15"}],"version-history":[{"count":13,"href":"https:\/\/solarpanelsonsale.com\/en\/wp-json\/wp\/v2\/pages\/15\/revisions"}],"predecessor-version":[{"id":1209,"href":"https:\/\/solarpanelsonsale.com\/en\/wp-json\/wp\/v2\/pages\/15\/revisions\/1209"}],"wp:attachment":[{"href":"https:\/\/solarpanelsonsale.com\/en\/wp-json\/wp\/v2\/media?parent=15"}],"curies":[{"name":"wp","href":"https:\/\/api.w.org\/{rel}","templated":true}]}}